{"id":827,"date":"2021-03-02T17:47:20","date_gmt":"2021-03-02T17:47:20","guid":{"rendered":"https:\/\/bc4u.org\/recursos\/"},"modified":"2025-03-19T22:54:04","modified_gmt":"2025-03-19T22:54:04","slug":"recursos","status":"publish","type":"page","link":"https:\/\/bc4u.org\/es\/recursos\/","title":{"rendered":"Recursos y formularios"},"content":{"rendered":"\n<h1>Recursos y formularios<\/h1>\n","protected":false},"excerpt":{"rendered":"<p>Recursos y formularios<\/p>\n","protected":false},"author":2,"featured_media":0,"parent":0,"menu_order":0,"comment_status":"closed","ping_status":"closed","template":"template_resources.php","meta":{"_acf_changed":false,"footnotes":""},"acf":{"show_video_visit_banner":false,"banner_image":{"ID":792,"id":792,"title":"about-1366-@-1x","filename":"about-1366-@-1x.png","filesize":94000,"url":"https:\/\/bc4u.org\/wp-content\/uploads\/2017\/09\/about-1366-@-1x.png","link":"https:\/\/bc4u.org\/es\/sobre-nosotros\/about-1366-1x-2\/","alt":"","author":"2","description":"","caption":"","name":"about-1366-1x-2","status":"inherit","uploaded_to":840,"date":"2017-09-26 06:25:37","modified":"2022-05-31 18:29:20","menu_order":0,"mime_type":"image\/png","type":"image","subtype":"png","icon":"https:\/\/bc4u.org\/wp-includes\/images\/media\/default.png","width":1366,"height":260,"sizes":{"thumbnail":"https:\/\/bc4u.org\/wp-content\/uploads\/2017\/09\/about-1366-@-1x-150x150.png","thumbnail-width":150,"thumbnail-height":150,"medium":"https:\/\/bc4u.org\/wp-content\/uploads\/2017\/09\/about-1366-@-1x-300x57.png","medium-width":300,"medium-height":57,"medium_large":"https:\/\/bc4u.org\/wp-content\/uploads\/2017\/09\/about-1366-@-1x-768x146.png","medium_large-width":640,"medium_large-height":122,"large":"https:\/\/bc4u.org\/wp-content\/uploads\/2017\/09\/about-1366-@-1x-1024x195.png","large-width":640,"large-height":122,"1536x1536":"https:\/\/bc4u.org\/wp-content\/uploads\/2017\/09\/about-1366-@-1x.png","1536x1536-width":1366,"1536x1536-height":260,"2048x2048":"https:\/\/bc4u.org\/wp-content\/uploads\/2017\/09\/about-1366-@-1x.png","2048x2048-width":1366,"2048x2048-height":260}},"featured_message_top":"<h2><span style=\"color: #00afea;\">\u00bfTienes 25 a\u00f1os o m\u00e1s?<\/span><\/h2>\n<p><a href=\"https:\/\/www.bedsider.org\/clinics\">Este buscador de cl\u00ednicas<\/a> le ayudar\u00e1 a encontrar un proveedor de atenci\u00f3n m\u00e9dica cerca de usted.<\/p>\n"},"yoast_head":"<!-- This site is optimized with the Yoast SEO plugin v24.5 - https:\/\/yoast.com\/wordpress\/plugins\/seo\/ -->\n<title>Recursos y formularios - BC4U<\/title>\n<meta name=\"description\" content=\"BC4U mission is to provide free birth control solutions, educational resources, and other reproductive health services to men and women, under the age of 25, in Colorado.\" \/>\n<meta name=\"robots\" content=\"index, follow, max-snippet:-1, max-image-preview:large, max-video-preview:-1\" \/>\n<link rel=\"canonical\" href=\"https:\/\/bc4u.org\/es\/recursos\/\" \/>\n<meta property=\"og:locale\" content=\"es_ES\" \/>\n<meta property=\"og:type\" content=\"article\" \/>\n<meta property=\"og:title\" content=\"Recursos y formularios - BC4U\" \/>\n<meta property=\"og:description\" content=\"BC4U mission is to provide free birth control solutions, educational resources, and other reproductive health services to men and women, under the age of 25, in Colorado.\" \/>\n<meta property=\"og:url\" content=\"https:\/\/bc4u.org\/es\/recursos\/\" \/>\n<meta property=\"og:site_name\" content=\"BC4U\" \/>\n<meta property=\"article:publisher\" content=\"https:\/\/www.facebook.com\/BC4UDenver\" \/>\n<meta property=\"article:modified_time\" content=\"2025-03-19T22:54:04+00:00\" \/>\n<meta name=\"twitter:card\" content=\"summary_large_image\" \/>\n<meta name=\"twitter:site\" content=\"@bc4ucolorado\" \/>\n<meta name=\"twitter:label1\" content=\"Tiempo de lectura\" \/>\n\t<meta name=\"twitter:data1\" content=\"1 minuto\" \/>\n<script type=\"application\/ld+json\" class=\"yoast-schema-graph\">{\"@context\":\"https:\/\/schema.org\",\"@graph\":[{\"@type\":\"WebPage\",\"@id\":\"https:\/\/bc4u.org\/es\/recursos\/\",\"url\":\"https:\/\/bc4u.org\/es\/recursos\/\",\"name\":\"Recursos y formularios - BC4U\",\"isPartOf\":{\"@id\":\"https:\/\/bc4u.org\/#website\"},\"datePublished\":\"2021-03-02T17:47:20+00:00\",\"dateModified\":\"2025-03-19T22:54:04+00:00\",\"description\":\"BC4U mission is to provide free birth control solutions, educational resources, and other reproductive health services to men and women, under the age of 25, in Colorado.\",\"breadcrumb\":{\"@id\":\"https:\/\/bc4u.org\/es\/recursos\/#breadcrumb\"},\"inLanguage\":\"es\",\"potentialAction\":[{\"@type\":\"ReadAction\",\"target\":[\"https:\/\/bc4u.org\/es\/recursos\/\"]}]},{\"@type\":\"BreadcrumbList\",\"@id\":\"https:\/\/bc4u.org\/es\/recursos\/#breadcrumb\",\"itemListElement\":[{\"@type\":\"ListItem\",\"position\":1,\"name\":\"Home\",\"item\":\"https:\/\/bc4u.org\/es\/\"},{\"@type\":\"ListItem\",\"position\":2,\"name\":\"Recursos y formularios\"}]},{\"@type\":\"WebSite\",\"@id\":\"https:\/\/bc4u.org\/#website\",\"url\":\"https:\/\/bc4u.org\/\",\"name\":\"BC4U\",\"description\":\"\",\"publisher\":{\"@id\":\"https:\/\/bc4u.org\/#organization\"},\"potentialAction\":[{\"@type\":\"SearchAction\",\"target\":{\"@type\":\"EntryPoint\",\"urlTemplate\":\"https:\/\/bc4u.org\/?s={search_term_string}\"},\"query-input\":{\"@type\":\"PropertyValueSpecification\",\"valueRequired\":true,\"valueName\":\"search_term_string\"}}],\"inLanguage\":\"es\"},{\"@type\":\"Organization\",\"@id\":\"https:\/\/bc4u.org\/#organization\",\"name\":\"BC4U\",\"url\":\"https:\/\/bc4u.org\/\",\"logo\":{\"@type\":\"ImageObject\",\"inLanguage\":\"es\",\"@id\":\"https:\/\/bc4u.org\/#\/schema\/logo\/image\/\",\"url\":\"https:\/\/bc4u.org\/wp-content\/uploads\/2023\/11\/cropped-Favicon.jpg\",\"contentUrl\":\"https:\/\/bc4u.org\/wp-content\/uploads\/2023\/11\/cropped-Favicon.jpg\",\"width\":512,\"height\":512,\"caption\":\"BC4U\"},\"image\":{\"@id\":\"https:\/\/bc4u.org\/#\/schema\/logo\/image\/\"},\"sameAs\":[\"https:\/\/www.facebook.com\/BC4UDenver\",\"https:\/\/x.com\/bc4ucolorado\"]}]}<\/script>\n<!-- \/ Yoast SEO plugin. -->","yoast_head_json":{"title":"Recursos y formularios - BC4U","description":"BC4U mission is to provide free birth control solutions, educational resources, and other reproductive health services to men and women, under the age of 25, in Colorado.","robots":{"index":"index","follow":"follow","max-snippet":"max-snippet:-1","max-image-preview":"max-image-preview:large","max-video-preview":"max-video-preview:-1"},"canonical":"https:\/\/bc4u.org\/es\/recursos\/","og_locale":"es_ES","og_type":"article","og_title":"Recursos y formularios - BC4U","og_description":"BC4U mission is to provide free birth control solutions, educational resources, and other reproductive health services to men and women, under the age of 25, in Colorado.","og_url":"https:\/\/bc4u.org\/es\/recursos\/","og_site_name":"BC4U","article_publisher":"https:\/\/www.facebook.com\/BC4UDenver","article_modified_time":"2025-03-19T22:54:04+00:00","twitter_card":"summary_large_image","twitter_site":"@bc4ucolorado","twitter_misc":{"Tiempo de lectura":"1 minuto"},"schema":{"@context":"https:\/\/schema.org","@graph":[{"@type":"WebPage","@id":"https:\/\/bc4u.org\/es\/recursos\/","url":"https:\/\/bc4u.org\/es\/recursos\/","name":"Recursos y formularios - BC4U","isPartOf":{"@id":"https:\/\/bc4u.org\/#website"},"datePublished":"2021-03-02T17:47:20+00:00","dateModified":"2025-03-19T22:54:04+00:00","description":"BC4U mission is to provide free birth control solutions, educational resources, and other reproductive health services to men and women, under the age of 25, in Colorado.","breadcrumb":{"@id":"https:\/\/bc4u.org\/es\/recursos\/#breadcrumb"},"inLanguage":"es","potentialAction":[{"@type":"ReadAction","target":["https:\/\/bc4u.org\/es\/recursos\/"]}]},{"@type":"BreadcrumbList","@id":"https:\/\/bc4u.org\/es\/recursos\/#breadcrumb","itemListElement":[{"@type":"ListItem","position":1,"name":"Home","item":"https:\/\/bc4u.org\/es\/"},{"@type":"ListItem","position":2,"name":"Recursos y formularios"}]},{"@type":"WebSite","@id":"https:\/\/bc4u.org\/#website","url":"https:\/\/bc4u.org\/","name":"BC4U","description":"","publisher":{"@id":"https:\/\/bc4u.org\/#organization"},"potentialAction":[{"@type":"SearchAction","target":{"@type":"EntryPoint","urlTemplate":"https:\/\/bc4u.org\/?s={search_term_string}"},"query-input":{"@type":"PropertyValueSpecification","valueRequired":true,"valueName":"search_term_string"}}],"inLanguage":"es"},{"@type":"Organization","@id":"https:\/\/bc4u.org\/#organization","name":"BC4U","url":"https:\/\/bc4u.org\/","logo":{"@type":"ImageObject","inLanguage":"es","@id":"https:\/\/bc4u.org\/#\/schema\/logo\/image\/","url":"https:\/\/bc4u.org\/wp-content\/uploads\/2023\/11\/cropped-Favicon.jpg","contentUrl":"https:\/\/bc4u.org\/wp-content\/uploads\/2023\/11\/cropped-Favicon.jpg","width":512,"height":512,"caption":"BC4U"},"image":{"@id":"https:\/\/bc4u.org\/#\/schema\/logo\/image\/"},"sameAs":["https:\/\/www.facebook.com\/BC4UDenver","https:\/\/x.com\/bc4ucolorado"]}]}},"_links":{"self":[{"href":"https:\/\/bc4u.org\/es\/wp-json\/wp\/v2\/pages\/827"}],"collection":[{"href":"https:\/\/bc4u.org\/es\/wp-json\/wp\/v2\/pages"}],"about":[{"href":"https:\/\/bc4u.org\/es\/wp-json\/wp\/v2\/types\/page"}],"author":[{"embeddable":true,"href":"https:\/\/bc4u.org\/es\/wp-json\/wp\/v2\/users\/2"}],"replies":[{"embeddable":true,"href":"https:\/\/bc4u.org\/es\/wp-json\/wp\/v2\/comments?post=827"}],"version-history":[{"count":4,"href":"https:\/\/bc4u.org\/es\/wp-json\/wp\/v2\/pages\/827\/revisions"}],"predecessor-version":[{"id":1227,"href":"https:\/\/bc4u.org\/es\/wp-json\/wp\/v2\/pages\/827\/revisions\/1227"}],"wp:attachment":[{"href":"https:\/\/bc4u.org\/es\/wp-json\/wp\/v2\/media?parent=827"}],"curies":[{"name":"wp","href":"https:\/\/api.w.org\/{rel}","templated":true}]}}