{"id":829,"date":"2020-04-20T19:04:38","date_gmt":"2020-04-20T19:04:38","guid":{"rendered":"https:\/\/bc4u.org\/alertas-urgentes\/"},"modified":"2022-06-10T17:18:22","modified_gmt":"2022-06-10T17:18:22","slug":"alertas-urgentes","status":"publish","type":"page","link":"https:\/\/bc4u.org\/es\/alertas-urgentes\/","title":{"rendered":"Alertas Urgentes"},"content":{"rendered":"\n<div class=\"wp-block-group\"><div class=\"wp-block-group__inner-container is-layout-flow wp-block-group-is-layout-flow\">\n<br><ul><li>Debe tener una cita para venir a una de nuestras cl\u00ednicas. <span class=\"bold\"><a onclick=\"ga('send', 'event', 'Click', '\/about-video-visit\/', 'Video Visit Covid Alert')\" href=\"https:\/\/bc4u.org\/es\/visita-de-video\/\">Visita de v\u00eddeo<\/a><\/span> tambi\u00e9n est\u00e1n disponibles a pedido, \u00a1no es necesario hacer una cita!<\/li><\/ul><br>\n\n\n\n<div class=\"covid-visit-container\">\n<a href=\"https:\/\/bc4u.org\/es\/visita-de-video\/\" onclick=\"ga('send', 'event', 'Click', '\/about-video-visit\/', 'Video Visit Covid Alert')\">Visita de v\u00eddeo!<\/a>\n<p>Pr\u00f3ximamente habr\u00e1 m\u00e1s m\u00e9dicos para acortar los tiempos de espera.<\/p>\n<\/div>\n\n\n\n<br><ul><li>Por favor llama al <span class=\"bold\"><a class=\"c-link\" href=\"tel:7207772248\" rel=\"noopener noreferrer\" aria-describedby=\"slack-kit-tooltip\">720-777-2248\/BC4U<\/a><\/span> para una cita en persona.<\/li><\/ul><br>\n\n\n\n<br><ul><li>Podemos enviar recetas como p\u00edldoras, Plan B, anillo vaginal, condones y otras opciones de control de la natalidad a la direcci\u00f3n de su elecci\u00f3n de forma gratuita.<\/li><\/ul><br>\n\n\n\n<br><ul><li>Si desea una prueba de ITS o de embarazo, <span class=\"bold\"><a class=\"c-link\" href=\"tel:7207772248\" rel=\"noopener noreferrer\" aria-describedby=\"slack-kit-tooltip\">ll\u00e1menos<\/a><\/span>. Le enviaremos por correo un kit de ITS o le pediremos que venga a nuestro laboratorio para dejar una muestra de orina.<\/li><\/ul><br>\n\n\n\n<p><\/p>\n<\/div><\/div>\n","protected":false},"excerpt":{"rendered":"<p>Debe tener una cita para venir a una de nuestras cl\u00ednicas. Visita de v\u00eddeo tambi\u00e9n est\u00e1n disponibles a pedido, \u00a1no es necesario hacer una cita! Visita de v\u00eddeo! Pr\u00f3ximamente habr\u00e1 m\u00e1s m\u00e9dicos para acortar los tiempos de espera. Por favor llama al 720-777-2248\/BC4U para una cita en persona. Podemos enviar recetas como p\u00edldoras, Plan B, [&hellip;]<\/p>\n","protected":false},"author":2,"featured_media":0,"parent":0,"menu_order":0,"comment_status":"closed","ping_status":"closed","template":"template_getsocial.php","meta":{"_acf_changed":false,"footnotes":""},"acf":{"show_video_visit_banner":false,"banner_image":false},"yoast_head":"<!-- This site is optimized with the Yoast SEO plugin v24.5 - https:\/\/yoast.com\/wordpress\/plugins\/seo\/ -->\n<title>Alertas Urgentes - BC4U<\/title>\n<meta name=\"description\" content=\"BC4U mission is to provide free birth control solutions, educational resources, and other reproductive health services to men and women, under the age of 25, in Colorado.\" \/>\n<meta name=\"robots\" content=\"index, follow, max-snippet:-1, max-image-preview:large, max-video-preview:-1\" \/>\n<link rel=\"canonical\" href=\"https:\/\/bc4u.org\/es\/alertas-urgentes\/\" \/>\n<meta property=\"og:locale\" content=\"es_ES\" \/>\n<meta property=\"og:type\" content=\"article\" \/>\n<meta property=\"og:title\" content=\"Alertas Urgentes - BC4U\" \/>\n<meta property=\"og:description\" content=\"BC4U mission is to provide free birth control solutions, educational resources, and other reproductive health services to men and women, under the age of 25, in Colorado.\" \/>\n<meta property=\"og:url\" content=\"https:\/\/bc4u.org\/es\/alertas-urgentes\/\" \/>\n<meta property=\"og:site_name\" content=\"BC4U\" \/>\n<meta property=\"article:publisher\" content=\"https:\/\/www.facebook.com\/BC4UDenver\" \/>\n<meta property=\"article:modified_time\" content=\"2022-06-10T17:18:22+00:00\" \/>\n<meta name=\"twitter:card\" content=\"summary_large_image\" \/>\n<meta name=\"twitter:site\" content=\"@bc4ucolorado\" \/>\n<meta name=\"twitter:label1\" content=\"Tiempo de lectura\" \/>\n\t<meta name=\"twitter:data1\" content=\"1 minuto\" \/>\n<script type=\"application\/ld+json\" class=\"yoast-schema-graph\">{\"@context\":\"https:\/\/schema.org\",\"@graph\":[{\"@type\":\"WebPage\",\"@id\":\"https:\/\/bc4u.org\/es\/alertas-urgentes\/\",\"url\":\"https:\/\/bc4u.org\/es\/alertas-urgentes\/\",\"name\":\"Alertas Urgentes - BC4U\",\"isPartOf\":{\"@id\":\"https:\/\/bc4u.org\/#website\"},\"datePublished\":\"2020-04-20T19:04:38+00:00\",\"dateModified\":\"2022-06-10T17:18:22+00:00\",\"description\":\"BC4U mission is to provide free birth control solutions, educational resources, and other reproductive health services to men and women, under the age of 25, in Colorado.\",\"breadcrumb\":{\"@id\":\"https:\/\/bc4u.org\/es\/alertas-urgentes\/#breadcrumb\"},\"inLanguage\":\"es\",\"potentialAction\":[{\"@type\":\"ReadAction\",\"target\":[\"https:\/\/bc4u.org\/es\/alertas-urgentes\/\"]}]},{\"@type\":\"BreadcrumbList\",\"@id\":\"https:\/\/bc4u.org\/es\/alertas-urgentes\/#breadcrumb\",\"itemListElement\":[{\"@type\":\"ListItem\",\"position\":1,\"name\":\"Home\",\"item\":\"https:\/\/bc4u.org\/es\/\"},{\"@type\":\"ListItem\",\"position\":2,\"name\":\"Alertas Urgentes\"}]},{\"@type\":\"WebSite\",\"@id\":\"https:\/\/bc4u.org\/#website\",\"url\":\"https:\/\/bc4u.org\/\",\"name\":\"BC4U\",\"description\":\"\",\"publisher\":{\"@id\":\"https:\/\/bc4u.org\/#organization\"},\"potentialAction\":[{\"@type\":\"SearchAction\",\"target\":{\"@type\":\"EntryPoint\",\"urlTemplate\":\"https:\/\/bc4u.org\/?s={search_term_string}\"},\"query-input\":{\"@type\":\"PropertyValueSpecification\",\"valueRequired\":true,\"valueName\":\"search_term_string\"}}],\"inLanguage\":\"es\"},{\"@type\":\"Organization\",\"@id\":\"https:\/\/bc4u.org\/#organization\",\"name\":\"BC4U\",\"url\":\"https:\/\/bc4u.org\/\",\"logo\":{\"@type\":\"ImageObject\",\"inLanguage\":\"es\",\"@id\":\"https:\/\/bc4u.org\/#\/schema\/logo\/image\/\",\"url\":\"https:\/\/bc4u.org\/wp-content\/uploads\/2023\/11\/cropped-Favicon.jpg\",\"contentUrl\":\"https:\/\/bc4u.org\/wp-content\/uploads\/2023\/11\/cropped-Favicon.jpg\",\"width\":512,\"height\":512,\"caption\":\"BC4U\"},\"image\":{\"@id\":\"https:\/\/bc4u.org\/#\/schema\/logo\/image\/\"},\"sameAs\":[\"https:\/\/www.facebook.com\/BC4UDenver\",\"https:\/\/x.com\/bc4ucolorado\"]}]}<\/script>\n<!-- \/ Yoast SEO plugin. -->","yoast_head_json":{"title":"Alertas Urgentes - BC4U","description":"BC4U mission is to provide free birth control solutions, educational resources, and other reproductive health services to men and women, under the age of 25, in Colorado.","robots":{"index":"index","follow":"follow","max-snippet":"max-snippet:-1","max-image-preview":"max-image-preview:large","max-video-preview":"max-video-preview:-1"},"canonical":"https:\/\/bc4u.org\/es\/alertas-urgentes\/","og_locale":"es_ES","og_type":"article","og_title":"Alertas Urgentes - BC4U","og_description":"BC4U mission is to provide free birth control solutions, educational resources, and other reproductive health services to men and women, under the age of 25, in Colorado.","og_url":"https:\/\/bc4u.org\/es\/alertas-urgentes\/","og_site_name":"BC4U","article_publisher":"https:\/\/www.facebook.com\/BC4UDenver","article_modified_time":"2022-06-10T17:18:22+00:00","twitter_card":"summary_large_image","twitter_site":"@bc4ucolorado","twitter_misc":{"Tiempo de lectura":"1 minuto"},"schema":{"@context":"https:\/\/schema.org","@graph":[{"@type":"WebPage","@id":"https:\/\/bc4u.org\/es\/alertas-urgentes\/","url":"https:\/\/bc4u.org\/es\/alertas-urgentes\/","name":"Alertas Urgentes - BC4U","isPartOf":{"@id":"https:\/\/bc4u.org\/#website"},"datePublished":"2020-04-20T19:04:38+00:00","dateModified":"2022-06-10T17:18:22+00:00","description":"BC4U mission is to provide free birth control solutions, educational resources, and other reproductive health services to men and women, under the age of 25, in Colorado.","breadcrumb":{"@id":"https:\/\/bc4u.org\/es\/alertas-urgentes\/#breadcrumb"},"inLanguage":"es","potentialAction":[{"@type":"ReadAction","target":["https:\/\/bc4u.org\/es\/alertas-urgentes\/"]}]},{"@type":"BreadcrumbList","@id":"https:\/\/bc4u.org\/es\/alertas-urgentes\/#breadcrumb","itemListElement":[{"@type":"ListItem","position":1,"name":"Home","item":"https:\/\/bc4u.org\/es\/"},{"@type":"ListItem","position":2,"name":"Alertas Urgentes"}]},{"@type":"WebSite","@id":"https:\/\/bc4u.org\/#website","url":"https:\/\/bc4u.org\/","name":"BC4U","description":"","publisher":{"@id":"https:\/\/bc4u.org\/#organization"},"potentialAction":[{"@type":"SearchAction","target":{"@type":"EntryPoint","urlTemplate":"https:\/\/bc4u.org\/?s={search_term_string}"},"query-input":{"@type":"PropertyValueSpecification","valueRequired":true,"valueName":"search_term_string"}}],"inLanguage":"es"},{"@type":"Organization","@id":"https:\/\/bc4u.org\/#organization","name":"BC4U","url":"https:\/\/bc4u.org\/","logo":{"@type":"ImageObject","inLanguage":"es","@id":"https:\/\/bc4u.org\/#\/schema\/logo\/image\/","url":"https:\/\/bc4u.org\/wp-content\/uploads\/2023\/11\/cropped-Favicon.jpg","contentUrl":"https:\/\/bc4u.org\/wp-content\/uploads\/2023\/11\/cropped-Favicon.jpg","width":512,"height":512,"caption":"BC4U"},"image":{"@id":"https:\/\/bc4u.org\/#\/schema\/logo\/image\/"},"sameAs":["https:\/\/www.facebook.com\/BC4UDenver","https:\/\/x.com\/bc4ucolorado"]}]}},"_links":{"self":[{"href":"https:\/\/bc4u.org\/es\/wp-json\/wp\/v2\/pages\/829"}],"collection":[{"href":"https:\/\/bc4u.org\/es\/wp-json\/wp\/v2\/pages"}],"about":[{"href":"https:\/\/bc4u.org\/es\/wp-json\/wp\/v2\/types\/page"}],"author":[{"embeddable":true,"href":"https:\/\/bc4u.org\/es\/wp-json\/wp\/v2\/users\/2"}],"replies":[{"embeddable":true,"href":"https:\/\/bc4u.org\/es\/wp-json\/wp\/v2\/comments?post=829"}],"version-history":[{"count":3,"href":"https:\/\/bc4u.org\/es\/wp-json\/wp\/v2\/pages\/829\/revisions"}],"predecessor-version":[{"id":1008,"href":"https:\/\/bc4u.org\/es\/wp-json\/wp\/v2\/pages\/829\/revisions\/1008"}],"wp:attachment":[{"href":"https:\/\/bc4u.org\/es\/wp-json\/wp\/v2\/media?parent=829"}],"curies":[{"name":"wp","href":"https:\/\/api.w.org\/{rel}","templated":true}]}}