{"id":831,"date":"2019-12-13T18:48:48","date_gmt":"2019-12-13T18:48:48","guid":{"rendered":"https:\/\/bc4u.org\/visita-de-video\/"},"modified":"2023-06-08T19:53:02","modified_gmt":"2023-06-08T19:53:02","slug":"visita-de-video","status":"publish","type":"page","link":"https:\/\/bc4u.org\/es\/visita-de-video\/","title":{"rendered":"Visita de v\u00eddeo"},"content":{"rendered":"<h1>Visita de v\u00eddeo<\/h1>\n<p>La misma atenci\u00f3n gratuita y privacidad de BC4U sin ir a una cl\u00ednica. Es como FaceTime pero con un proveedor(a).<\/p>\n","protected":false},"excerpt":{"rendered":"<p>Visita de v\u00eddeo La misma atenci\u00f3n gratuita y privacidad de BC4U sin ir a una cl\u00ednica. Es como FaceTime pero con un proveedor(a).<\/p>\n","protected":false},"author":2,"featured_media":0,"parent":0,"menu_order":0,"comment_status":"closed","ping_status":"closed","template":"template-video-visit.php","meta":{"_acf_changed":false,"footnotes":""},"acf":{"show_video_visit_banner":false,"available_hours":"<p>Lunes &#8211; Viernes<br \/>\n8:00 am &#8211; 11:45 am &#038; 1:00 pm &#8211; 4:45 pm MST<\/p>\n","banner_image":{"ID":791,"id":791,"title":"bc-1366-@-1x","filename":"bc-1366-@-1x.png","filesize":88691,"url":"https:\/\/bc4u.org\/wp-content\/uploads\/2017\/09\/bc-1366-@-1x.png","link":"https:\/\/bc4u.org\/es\/metodos-anticonceptivos\/bc-1366-1x-2\/","alt":"","author":"2","description":"","caption":"","name":"bc-1366-1x-2","status":"inherit","uploaded_to":838,"date":"2017-09-26 06:25:03","modified":"2022-06-10 17:08:04","menu_order":0,"mime_type":"image\/png","type":"image","subtype":"png","icon":"https:\/\/bc4u.org\/wp-includes\/images\/media\/default.png","width":1366,"height":260,"sizes":{"thumbnail":"https:\/\/bc4u.org\/wp-content\/uploads\/2017\/09\/bc-1366-@-1x-150x150.png","thumbnail-width":150,"thumbnail-height":150,"medium":"https:\/\/bc4u.org\/wp-content\/uploads\/2017\/09\/bc-1366-@-1x-300x57.png","medium-width":300,"medium-height":57,"medium_large":"https:\/\/bc4u.org\/wp-content\/uploads\/2017\/09\/bc-1366-@-1x-768x146.png","medium_large-width":640,"medium_large-height":122,"large":"https:\/\/bc4u.org\/wp-content\/uploads\/2017\/09\/bc-1366-@-1x-1024x195.png","large-width":640,"large-height":122,"1536x1536":"https:\/\/bc4u.org\/wp-content\/uploads\/2017\/09\/bc-1366-@-1x.png","1536x1536-width":1366,"1536x1536-height":260,"2048x2048":"https:\/\/bc4u.org\/wp-content\/uploads\/2017\/09\/bc-1366-@-1x.png","2048x2048-width":1366,"2048x2048-height":260}},"what_do_i_need_before_starting_a_video_visit":"<p>\u2022 Por favor usa Chrome, FireFox, Brave o Safari<\/p>\n<p>\u2022 Un celular, tableta o computadora con c\u00e1mara<\/p>\n<p>\u2022 Una conexi\u00f3n a Internet<\/p>\n","what_is_a_video_visit":"<p>Puedes obtener un consejo medico gratuito y cualquiera de las recetas necesarias desde cualquier lugar donde puedas chatear por video.<\/p>\n<p>\u2022 La pastilla anticonceptiva<br \/>\n\u2022 Plan B<br \/>\n\u2022 El anillo vaginal<br \/>\n\u2022 La inyecci\u00f3n<br \/>\n\u2022 Tratamiento para infecciones transmitadas sexualmente (ITS)<br \/>\n\u2022 Condones<\/p>\n<p>Tambien podemos enviarte por correo kits de prueba de STI y embarazo a una direcci\u00f3n de tu preferencia.<\/p>\n","when_can_i_start":"<p>Es como entrar a una cl\u00ednica sin cita previa, \u00a1sin tener que entrar! Puedes tener una visita por video con un proveedor medico a pedido durante estos horarios:<\/p>\n"},"yoast_head":"<!-- This site is optimized with the Yoast SEO plugin v24.5 - https:\/\/yoast.com\/wordpress\/plugins\/seo\/ -->\n<title>Visita de v\u00eddeo - BC4U<\/title>\n<meta name=\"description\" content=\"BC4U mission is to provide free birth control solutions, educational resources, and other reproductive health services to men and women, under the age of 25, in Colorado.\" \/>\n<meta name=\"robots\" content=\"index, follow, max-snippet:-1, max-image-preview:large, max-video-preview:-1\" \/>\n<link rel=\"canonical\" href=\"https:\/\/bc4u.org\/es\/visita-de-video\/\" \/>\n<meta property=\"og:locale\" content=\"es_ES\" \/>\n<meta property=\"og:type\" content=\"article\" \/>\n<meta property=\"og:title\" content=\"Visita de v\u00eddeo - BC4U\" \/>\n<meta property=\"og:description\" content=\"BC4U mission is to provide free birth control solutions, educational resources, and other reproductive health services to men and women, under the age of 25, in Colorado.\" \/>\n<meta property=\"og:url\" content=\"https:\/\/bc4u.org\/es\/visita-de-video\/\" \/>\n<meta property=\"og:site_name\" content=\"BC4U\" \/>\n<meta property=\"article:publisher\" content=\"https:\/\/www.facebook.com\/BC4UDenver\" \/>\n<meta property=\"article:modified_time\" content=\"2023-06-08T19:53:02+00:00\" \/>\n<meta name=\"twitter:card\" content=\"summary_large_image\" \/>\n<meta name=\"twitter:site\" content=\"@bc4ucolorado\" \/>\n<script type=\"application\/ld+json\" class=\"yoast-schema-graph\">{\"@context\":\"https:\/\/schema.org\",\"@graph\":[{\"@type\":\"WebPage\",\"@id\":\"https:\/\/bc4u.org\/es\/visita-de-video\/\",\"url\":\"https:\/\/bc4u.org\/es\/visita-de-video\/\",\"name\":\"Visita de v\u00eddeo - BC4U\",\"isPartOf\":{\"@id\":\"https:\/\/bc4u.org\/#website\"},\"datePublished\":\"2019-12-13T18:48:48+00:00\",\"dateModified\":\"2023-06-08T19:53:02+00:00\",\"description\":\"BC4U mission is to provide free birth control solutions, educational resources, and other reproductive health services to men and women, under the age of 25, in Colorado.\",\"breadcrumb\":{\"@id\":\"https:\/\/bc4u.org\/es\/visita-de-video\/#breadcrumb\"},\"inLanguage\":\"es\",\"potentialAction\":[{\"@type\":\"ReadAction\",\"target\":[\"https:\/\/bc4u.org\/es\/visita-de-video\/\"]}]},{\"@type\":\"BreadcrumbList\",\"@id\":\"https:\/\/bc4u.org\/es\/visita-de-video\/#breadcrumb\",\"itemListElement\":[{\"@type\":\"ListItem\",\"position\":1,\"name\":\"Home\",\"item\":\"https:\/\/bc4u.org\/es\/\"},{\"@type\":\"ListItem\",\"position\":2,\"name\":\"Visita de v\u00eddeo\"}]},{\"@type\":\"WebSite\",\"@id\":\"https:\/\/bc4u.org\/#website\",\"url\":\"https:\/\/bc4u.org\/\",\"name\":\"BC4U\",\"description\":\"\",\"publisher\":{\"@id\":\"https:\/\/bc4u.org\/#organization\"},\"potentialAction\":[{\"@type\":\"SearchAction\",\"target\":{\"@type\":\"EntryPoint\",\"urlTemplate\":\"https:\/\/bc4u.org\/?s={search_term_string}\"},\"query-input\":{\"@type\":\"PropertyValueSpecification\",\"valueRequired\":true,\"valueName\":\"search_term_string\"}}],\"inLanguage\":\"es\"},{\"@type\":\"Organization\",\"@id\":\"https:\/\/bc4u.org\/#organization\",\"name\":\"BC4U\",\"url\":\"https:\/\/bc4u.org\/\",\"logo\":{\"@type\":\"ImageObject\",\"inLanguage\":\"es\",\"@id\":\"https:\/\/bc4u.org\/#\/schema\/logo\/image\/\",\"url\":\"https:\/\/bc4u.org\/wp-content\/uploads\/2023\/11\/cropped-Favicon.jpg\",\"contentUrl\":\"https:\/\/bc4u.org\/wp-content\/uploads\/2023\/11\/cropped-Favicon.jpg\",\"width\":512,\"height\":512,\"caption\":\"BC4U\"},\"image\":{\"@id\":\"https:\/\/bc4u.org\/#\/schema\/logo\/image\/\"},\"sameAs\":[\"https:\/\/www.facebook.com\/BC4UDenver\",\"https:\/\/x.com\/bc4ucolorado\"]}]}<\/script>\n<!-- \/ Yoast SEO plugin. -->","yoast_head_json":{"title":"Visita de v\u00eddeo - BC4U","description":"BC4U mission is to provide free birth control solutions, educational resources, and other reproductive health services to men and women, under the age of 25, in Colorado.","robots":{"index":"index","follow":"follow","max-snippet":"max-snippet:-1","max-image-preview":"max-image-preview:large","max-video-preview":"max-video-preview:-1"},"canonical":"https:\/\/bc4u.org\/es\/visita-de-video\/","og_locale":"es_ES","og_type":"article","og_title":"Visita de v\u00eddeo - BC4U","og_description":"BC4U mission is to provide free birth control solutions, educational resources, and other reproductive health services to men and women, under the age of 25, in Colorado.","og_url":"https:\/\/bc4u.org\/es\/visita-de-video\/","og_site_name":"BC4U","article_publisher":"https:\/\/www.facebook.com\/BC4UDenver","article_modified_time":"2023-06-08T19:53:02+00:00","twitter_card":"summary_large_image","twitter_site":"@bc4ucolorado","schema":{"@context":"https:\/\/schema.org","@graph":[{"@type":"WebPage","@id":"https:\/\/bc4u.org\/es\/visita-de-video\/","url":"https:\/\/bc4u.org\/es\/visita-de-video\/","name":"Visita de v\u00eddeo - BC4U","isPartOf":{"@id":"https:\/\/bc4u.org\/#website"},"datePublished":"2019-12-13T18:48:48+00:00","dateModified":"2023-06-08T19:53:02+00:00","description":"BC4U mission is to provide free birth control solutions, educational resources, and other reproductive health services to men and women, under the age of 25, in Colorado.","breadcrumb":{"@id":"https:\/\/bc4u.org\/es\/visita-de-video\/#breadcrumb"},"inLanguage":"es","potentialAction":[{"@type":"ReadAction","target":["https:\/\/bc4u.org\/es\/visita-de-video\/"]}]},{"@type":"BreadcrumbList","@id":"https:\/\/bc4u.org\/es\/visita-de-video\/#breadcrumb","itemListElement":[{"@type":"ListItem","position":1,"name":"Home","item":"https:\/\/bc4u.org\/es\/"},{"@type":"ListItem","position":2,"name":"Visita de v\u00eddeo"}]},{"@type":"WebSite","@id":"https:\/\/bc4u.org\/#website","url":"https:\/\/bc4u.org\/","name":"BC4U","description":"","publisher":{"@id":"https:\/\/bc4u.org\/#organization"},"potentialAction":[{"@type":"SearchAction","target":{"@type":"EntryPoint","urlTemplate":"https:\/\/bc4u.org\/?s={search_term_string}"},"query-input":{"@type":"PropertyValueSpecification","valueRequired":true,"valueName":"search_term_string"}}],"inLanguage":"es"},{"@type":"Organization","@id":"https:\/\/bc4u.org\/#organization","name":"BC4U","url":"https:\/\/bc4u.org\/","logo":{"@type":"ImageObject","inLanguage":"es","@id":"https:\/\/bc4u.org\/#\/schema\/logo\/image\/","url":"https:\/\/bc4u.org\/wp-content\/uploads\/2023\/11\/cropped-Favicon.jpg","contentUrl":"https:\/\/bc4u.org\/wp-content\/uploads\/2023\/11\/cropped-Favicon.jpg","width":512,"height":512,"caption":"BC4U"},"image":{"@id":"https:\/\/bc4u.org\/#\/schema\/logo\/image\/"},"sameAs":["https:\/\/www.facebook.com\/BC4UDenver","https:\/\/x.com\/bc4ucolorado"]}]}},"_links":{"self":[{"href":"https:\/\/bc4u.org\/es\/wp-json\/wp\/v2\/pages\/831"}],"collection":[{"href":"https:\/\/bc4u.org\/es\/wp-json\/wp\/v2\/pages"}],"about":[{"href":"https:\/\/bc4u.org\/es\/wp-json\/wp\/v2\/types\/page"}],"author":[{"embeddable":true,"href":"https:\/\/bc4u.org\/es\/wp-json\/wp\/v2\/users\/2"}],"replies":[{"embeddable":true,"href":"https:\/\/bc4u.org\/es\/wp-json\/wp\/v2\/comments?post=831"}],"version-history":[{"count":1,"href":"https:\/\/bc4u.org\/es\/wp-json\/wp\/v2\/pages\/831\/revisions"}],"predecessor-version":[{"id":995,"href":"https:\/\/bc4u.org\/es\/wp-json\/wp\/v2\/pages\/831\/revisions\/995"}],"wp:attachment":[{"href":"https:\/\/bc4u.org\/es\/wp-json\/wp\/v2\/media?parent=831"}],"curies":[{"name":"wp","href":"https:\/\/api.w.org\/{rel}","templated":true}]}}