{"id":842,"date":"2017-09-21T20:34:34","date_gmt":"2017-09-21T20:34:34","guid":{"rendered":"https:\/\/bc4u.org\/bc4u-esta-aqui-para-ayudar-sin-contar-sin-juzgar-y-todo-es-una-prueba-completamente-gratuita\/"},"modified":"2025-10-28T15:35:49","modified_gmt":"2025-10-28T15:35:49","slug":"bc4u-esta-aqui-para-ayudar-sin-contar-sin-juzgar-y-todo-es-una-prueba-completamente-gratuita","status":"publish","type":"page","link":"https:\/\/bc4u.org\/es\/","title":{"rendered":"BC4U est\u00e1 aqu\u00ed para ayudar. Sin contar, sin juzgar, y todo es una prueba completamente gratuita."},"content":{"rendered":"<h1>tienes el&nbsp;<span style=\"color: #ff3333;\">poder<\/span><\/h1>\n<p>Y BC4U est\u00e1 aqu\u00ed para ayudar. Sin contar, sin juzgar, y todo es completamente gratis.<\/p>\n<p><a href=\"https:\/\/bc4u.org\/es\/preguntas-mas-frecuentes\/\">Aprende m\u00e1s<\/a><\/p>\n","protected":false},"excerpt":{"rendered":"<p>tienes el&nbsp;poder Y BC4U est\u00e1 aqu\u00ed para ayudar. Sin contar, sin juzgar, y todo es completamente gratis. Aprende m\u00e1s<\/p>\n","protected":false},"author":2,"featured_media":769,"parent":0,"menu_order":0,"comment_status":"closed","ping_status":"closed","template":"","meta":{"_acf_changed":false,"footnotes":""},"acf":{"show_video_visit_banner":false,"banner_image":false,"testimony":[{"testimony_message":"<p>Fue bueno, mi m\u00e9dico fue agradable y muy f\u00e1cil hablar con \u00e9l\".<\/p>\n","testimony_author":"Clarissa, 17","make_box_size_bigger":[]},{"testimony_message":"<p>Esta cl\u00ednica me ha ayudado mucho y es muy c\u00f3moda. No te juzgan ni te hacen sentir mal, incluso si tienes una ETS. Adem\u00e1s, \u00a1es gratis hasta que tengas 25 a\u00f1os!\".<\/p>\n","testimony_author":"Alicia, 17","make_box_size_bigger":[]},{"testimony_message":"<p>Todos son muy amables y me tratan como un adulto, no como un ni\u00f1o\".<\/p>\n","testimony_author":"Regina, 17","make_box_size_bigger":[]},{"testimony_message":"<p>Todos fueron s\u00faper amables y respetuosos. Me impresion\u00f3 lo listos que estaban los empleados para trabajar con j\u00f3venes. Me di cuenta de que eran comprensivos con las situaciones en las que el control de la natalidad podr\u00eda necesitar mantenerse en secreto. No es mi problema, afortunadamente, pero creo que es incre\u00edble que est\u00e9n dispuestos a trabajar contigo\".<\/p>\n","testimony_author":"Ruth, 19","make_box_size_bigger":[]},{"testimony_message":"<p>Muy r\u00e1pido y profesional. Junto con una enfermera muy agradable! Recomendar\u00eda este lugar a cualquiera.<\/p>\n","testimony_author":"Jade, 15","make_box_size_bigger":[]}],"featured_method":"<h2>\u00bfQu\u00e9 m\u00e9todo anticonceptivo es adecuado para m\u00ed?<\/h2>\n<p>Elegir un m\u00e9todo de control de la natalidad es nbd cuando conoce sus opciones. Vea qu\u00e9 tipos est\u00e1n disponibles para usted.<\/p>\n<p><a href=\"https:\/\/bc4u.org\/birth-control-methods\/\">Comparar m\u00e9todos anticonceptivos<\/a><\/p>\n","home_featured_block":[{"title":"Encu\u00e9ntranos","description":"Encuentre una cl\u00ednica cerca de usted.","link":"https:\/\/bc4u.org\/es\/encuentre-una-clinica-cerca-de-usted\/","image":{"ID":770,"id":770,"title":"featured_block1","filename":"featured_block1.jpg","filesize":27432,"url":"https:\/\/bc4u.org\/wp-content\/uploads\/2017\/09\/featured_block1.jpg","link":"https:\/\/bc4u.org\/es\/bc4u-esta-aqui-para-ayudar-sin-contar-sin-juzgar-y-todo-es-una-prueba-completamente-gratuita\/featured_block1-2\/","alt":"","author":"2","description":"","caption":"","name":"featured_block1-2","status":"inherit","uploaded_to":842,"date":"2017-09-21 23:03:52","modified":"2022-05-31 02:13:00","menu_order":0,"mime_type":"image\/jpeg","type":"image","subtype":"jpeg","icon":"https:\/\/bc4u.org\/wp-includes\/images\/media\/default.png","width":478,"height":457,"sizes":{"thumbnail":"https:\/\/bc4u.org\/wp-content\/uploads\/2017\/09\/featured_block1-150x150.jpg","thumbnail-width":150,"thumbnail-height":150,"medium":"https:\/\/bc4u.org\/wp-content\/uploads\/2017\/09\/featured_block1-300x287.jpg","medium-width":300,"medium-height":287,"medium_large":"https:\/\/bc4u.org\/wp-content\/uploads\/2017\/09\/featured_block1.jpg","medium_large-width":478,"medium_large-height":457,"large":"https:\/\/bc4u.org\/wp-content\/uploads\/2017\/09\/featured_block1.jpg","large-width":478,"large-height":457,"1536x1536":"https:\/\/bc4u.org\/wp-content\/uploads\/2017\/09\/featured_block1.jpg","1536x1536-width":478,"1536x1536-height":457,"2048x2048":"https:\/\/bc4u.org\/wp-content\/uploads\/2017\/09\/featured_block1.jpg","2048x2048-width":478,"2048x2048-height":457}}},{"title":"nuestra mermelada","description":"\u00a1Educaci\u00f3n, control de la natalidad, pruebas de ETS, pruebas de embarazo, anticoncepci\u00f3n de emergencia y m\u00e1s!","link":"https:\/\/bc4u.org\/es\/nuestros-servicios\/","image":{"ID":771,"id":771,"title":"featured_block2","filename":"featured_block2.jpg","filesize":11804,"url":"https:\/\/bc4u.org\/wp-content\/uploads\/2017\/09\/featured_block2.jpg","link":"https:\/\/bc4u.org\/es\/bc4u-esta-aqui-para-ayudar-sin-contar-sin-juzgar-y-todo-es-una-prueba-completamente-gratuita\/featured_block2-2\/","alt":"","author":"2","description":"","caption":"","name":"featured_block2-2","status":"inherit","uploaded_to":842,"date":"2017-09-22 01:44:44","modified":"2022-05-31 02:16:11","menu_order":0,"mime_type":"image\/jpeg","type":"image","subtype":"jpeg","icon":"https:\/\/bc4u.org\/wp-includes\/images\/media\/default.png","width":478,"height":457,"sizes":{"thumbnail":"https:\/\/bc4u.org\/wp-content\/uploads\/2017\/09\/featured_block2-150x150.jpg","thumbnail-width":150,"thumbnail-height":150,"medium":"https:\/\/bc4u.org\/wp-content\/uploads\/2017\/09\/featured_block2-300x287.jpg","medium-width":300,"medium-height":287,"medium_large":"https:\/\/bc4u.org\/wp-content\/uploads\/2017\/09\/featured_block2.jpg","medium_large-width":478,"medium_large-height":457,"large":"https:\/\/bc4u.org\/wp-content\/uploads\/2017\/09\/featured_block2.jpg","large-width":478,"large-height":457,"1536x1536":"https:\/\/bc4u.org\/wp-content\/uploads\/2017\/09\/featured_block2.jpg","1536x1536-width":478,"1536x1536-height":457,"2048x2048":"https:\/\/bc4u.org\/wp-content\/uploads\/2017\/09\/featured_block2.jpg","2048x2048-width":478,"2048x2048-height":457}}},{"title":"\u00bfTiene preguntas?","description":"Obt\u00e9n respuestas.","link":"https:\/\/bc4u.org\/es\/preguntas-mas-frecuentes-2\/","image":{"ID":772,"id":772,"title":"featured_block3","filename":"featured_block3.jpg","filesize":31136,"url":"https:\/\/bc4u.org\/wp-content\/uploads\/2017\/09\/featured_block3.jpg","link":"https:\/\/bc4u.org\/es\/bc4u-esta-aqui-para-ayudar-sin-contar-sin-juzgar-y-todo-es-una-prueba-completamente-gratuita\/featured_block3-2\/","alt":"","author":"2","description":"","caption":"","name":"featured_block3-2","status":"inherit","uploaded_to":842,"date":"2017-09-22 01:45:10","modified":"2022-05-31 02:18:06","menu_order":0,"mime_type":"image\/jpeg","type":"image","subtype":"jpeg","icon":"https:\/\/bc4u.org\/wp-includes\/images\/media\/default.png","width":478,"height":457,"sizes":{"thumbnail":"https:\/\/bc4u.org\/wp-content\/uploads\/2017\/09\/featured_block3-150x150.jpg","thumbnail-width":150,"thumbnail-height":150,"medium":"https:\/\/bc4u.org\/wp-content\/uploads\/2017\/09\/featured_block3-300x287.jpg","medium-width":300,"medium-height":287,"medium_large":"https:\/\/bc4u.org\/wp-content\/uploads\/2017\/09\/featured_block3.jpg","medium_large-width":478,"medium_large-height":457,"large":"https:\/\/bc4u.org\/wp-content\/uploads\/2017\/09\/featured_block3.jpg","large-width":478,"large-height":457,"1536x1536":"https:\/\/bc4u.org\/wp-content\/uploads\/2017\/09\/featured_block3.jpg","1536x1536-width":478,"1536x1536-height":457,"2048x2048":"https:\/\/bc4u.org\/wp-content\/uploads\/2017\/09\/featured_block3.jpg","2048x2048-width":478,"2048x2048-height":457}}},{"title":"Sobre nosotros","description":"Nuestra historia, nuestra cl\u00ednica y nuestra gente.","link":"https:\/\/bc4u.org\/es\/sobre-nosotros\/","image":{"ID":773,"id":773,"title":"featured_block4","filename":"featured_block4.jpg","filesize":11833,"url":"https:\/\/bc4u.org\/wp-content\/uploads\/2017\/09\/featured_block4.jpg","link":"https:\/\/bc4u.org\/es\/bc4u-esta-aqui-para-ayudar-sin-contar-sin-juzgar-y-todo-es-una-prueba-completamente-gratuita\/featured_block4-2\/","alt":"","author":"2","description":"","caption":"","name":"featured_block4-2","status":"inherit","uploaded_to":842,"date":"2017-09-22 01:45:11","modified":"2022-05-31 02:19:45","menu_order":0,"mime_type":"image\/jpeg","type":"image","subtype":"jpeg","icon":"https:\/\/bc4u.org\/wp-includes\/images\/media\/default.png","width":478,"height":457,"sizes":{"thumbnail":"https:\/\/bc4u.org\/wp-content\/uploads\/2017\/09\/featured_block4-150x150.jpg","thumbnail-width":150,"thumbnail-height":150,"medium":"https:\/\/bc4u.org\/wp-content\/uploads\/2017\/09\/featured_block4-300x287.jpg","medium-width":300,"medium-height":287,"medium_large":"https:\/\/bc4u.org\/wp-content\/uploads\/2017\/09\/featured_block4.jpg","medium_large-width":478,"medium_large-height":457,"large":"https:\/\/bc4u.org\/wp-content\/uploads\/2017\/09\/featured_block4.jpg","large-width":478,"large-height":457,"1536x1536":"https:\/\/bc4u.org\/wp-content\/uploads\/2017\/09\/featured_block4.jpg","1536x1536-width":478,"1536x1536-height":457,"2048x2048":"https:\/\/bc4u.org\/wp-content\/uploads\/2017\/09\/featured_block4.jpg","2048x2048-width":478,"2048x2048-height":457}}}],"home_promoted_block":[{"title":"Visita de video GRATIS","description":"No es necesaria una cita. Podemos enviar recetas, pruebas de embarazo y kits de pruebas de ITS a cualquier direcci\u00f3n o pedirle que venga a nuestro laboratorio para dejar una muestra.","link_text":"Visita de video gratis","link":"\/es\/visita-de-video\/"},{"title":"Visitas cl\u00ednicas GRATIS","description":"Ll\u00e1menos para programar una visita a la cl\u00ednica en persona. Muchos de nuestros servicios se pueden realizar por video o por tel\u00e9fono, pero nos complace verlo en persona.","link_text":"Llamar al 720-777-2248","link":"tel:%20720-777-2248"}]},"yoast_head":"<!-- This site is optimized with the Yoast SEO plugin v24.5 - https:\/\/yoast.com\/wordpress\/plugins\/seo\/ -->\n<title>BC4U | Anticonceptivos y pruebas de ETS gratuitas en Colorado<\/title>\n<meta name=\"description\" content=\"Las cl\u00ednicas BC4U ofrecen anticonceptivos, pruebas y otros servicios de salud reproductiva a hombres y mujeres menores de 25 a\u00f1os.\" \/>\n<meta name=\"robots\" content=\"index, follow, max-snippet:-1, max-image-preview:large, max-video-preview:-1\" \/>\n<link rel=\"canonical\" href=\"https:\/\/bc4u.org\/es\/\" \/>\n<meta property=\"og:locale\" content=\"es_ES\" \/>\n<meta property=\"og:type\" content=\"article\" \/>\n<meta property=\"og:title\" content=\"BC4U | Anticonceptivos y pruebas de ETS gratuitas en Colorado\" \/>\n<meta property=\"og:description\" content=\"Las cl\u00ednicas BC4U ofrecen anticonceptivos, pruebas y otros servicios de salud reproductiva a hombres y mujeres menores de 25 a\u00f1os.\" \/>\n<meta property=\"og:url\" content=\"https:\/\/bc4u.org\/es\/\" \/>\n<meta property=\"og:site_name\" content=\"BC4U\" \/>\n<meta property=\"article:publisher\" content=\"https:\/\/www.facebook.com\/BC4UDenver\" \/>\n<meta property=\"article:modified_time\" content=\"2025-10-28T15:35:49+00:00\" \/>\n<meta property=\"og:image\" content=\"https:\/\/bc4u.org\/wp-content\/uploads\/2017\/09\/bigsreen.jpg\" \/>\n\t<meta property=\"og:image:width\" content=\"1366\" \/>\n\t<meta property=\"og:image:height\" content=\"660\" \/>\n\t<meta property=\"og:image:type\" content=\"image\/jpeg\" \/>\n<meta name=\"twitter:card\" content=\"summary_large_image\" \/>\n<meta name=\"twitter:site\" content=\"@bc4ucolorado\" \/>\n<meta name=\"twitter:label1\" content=\"Tiempo de lectura\" \/>\n\t<meta name=\"twitter:data1\" content=\"1 minuto\" \/>\n<script type=\"application\/ld+json\" class=\"yoast-schema-graph\">{\"@context\":\"https:\/\/schema.org\",\"@graph\":[{\"@type\":\"WebPage\",\"@id\":\"https:\/\/bc4u.org\/es\/\",\"url\":\"https:\/\/bc4u.org\/es\/\",\"name\":\"BC4U | Anticonceptivos y pruebas de ETS gratuitas en Colorado\",\"isPartOf\":{\"@id\":\"https:\/\/bc4u.org\/#website\"},\"primaryImageOfPage\":{\"@id\":\"https:\/\/bc4u.org\/es\/#primaryimage\"},\"image\":{\"@id\":\"https:\/\/bc4u.org\/es\/#primaryimage\"},\"thumbnailUrl\":\"https:\/\/bc4u.org\/wp-content\/uploads\/2017\/09\/bigsreen.jpg\",\"datePublished\":\"2017-09-21T20:34:34+00:00\",\"dateModified\":\"2025-10-28T15:35:49+00:00\",\"description\":\"Las cl\u00ednicas BC4U ofrecen anticonceptivos, pruebas y otros servicios de salud reproductiva a hombres y mujeres menores de 25 a\u00f1os.\",\"breadcrumb\":{\"@id\":\"https:\/\/bc4u.org\/es\/#breadcrumb\"},\"inLanguage\":\"es\",\"potentialAction\":[{\"@type\":\"ReadAction\",\"target\":[\"https:\/\/bc4u.org\/es\/\"]}]},{\"@type\":\"ImageObject\",\"inLanguage\":\"es\",\"@id\":\"https:\/\/bc4u.org\/es\/#primaryimage\",\"url\":\"https:\/\/bc4u.org\/wp-content\/uploads\/2017\/09\/bigsreen.jpg\",\"contentUrl\":\"https:\/\/bc4u.org\/wp-content\/uploads\/2017\/09\/bigsreen.jpg\",\"width\":1366,\"height\":660},{\"@type\":\"BreadcrumbList\",\"@id\":\"https:\/\/bc4u.org\/es\/#breadcrumb\",\"itemListElement\":[{\"@type\":\"ListItem\",\"position\":1,\"name\":\"Home\",\"item\":\"https:\/\/bc4u.org\/es\/\"},{\"@type\":\"ListItem\",\"position\":2,\"name\":\"BC4U est\u00e1 aqu\u00ed para ayudar. Sin contar, sin juzgar, y todo es una prueba completamente gratuita.\"}]},{\"@type\":\"WebSite\",\"@id\":\"https:\/\/bc4u.org\/#website\",\"url\":\"https:\/\/bc4u.org\/\",\"name\":\"BC4U\",\"description\":\"\",\"publisher\":{\"@id\":\"https:\/\/bc4u.org\/#organization\"},\"potentialAction\":[{\"@type\":\"SearchAction\",\"target\":{\"@type\":\"EntryPoint\",\"urlTemplate\":\"https:\/\/bc4u.org\/?s={search_term_string}\"},\"query-input\":{\"@type\":\"PropertyValueSpecification\",\"valueRequired\":true,\"valueName\":\"search_term_string\"}}],\"inLanguage\":\"es\"},{\"@type\":\"Organization\",\"@id\":\"https:\/\/bc4u.org\/#organization\",\"name\":\"BC4U\",\"url\":\"https:\/\/bc4u.org\/\",\"logo\":{\"@type\":\"ImageObject\",\"inLanguage\":\"es\",\"@id\":\"https:\/\/bc4u.org\/#\/schema\/logo\/image\/\",\"url\":\"https:\/\/bc4u.org\/wp-content\/uploads\/2023\/11\/cropped-Favicon.jpg\",\"contentUrl\":\"https:\/\/bc4u.org\/wp-content\/uploads\/2023\/11\/cropped-Favicon.jpg\",\"width\":512,\"height\":512,\"caption\":\"BC4U\"},\"image\":{\"@id\":\"https:\/\/bc4u.org\/#\/schema\/logo\/image\/\"},\"sameAs\":[\"https:\/\/www.facebook.com\/BC4UDenver\",\"https:\/\/x.com\/bc4ucolorado\"]}]}<\/script>\n<!-- \/ Yoast SEO plugin. -->","yoast_head_json":{"title":"BC4U | Anticonceptivos y pruebas de ETS gratuitas en Colorado","description":"Las cl\u00ednicas BC4U ofrecen anticonceptivos, pruebas y otros servicios de salud reproductiva a hombres y mujeres menores de 25 a\u00f1os.","robots":{"index":"index","follow":"follow","max-snippet":"max-snippet:-1","max-image-preview":"max-image-preview:large","max-video-preview":"max-video-preview:-1"},"canonical":"https:\/\/bc4u.org\/es\/","og_locale":"es_ES","og_type":"article","og_title":"BC4U | Anticonceptivos y pruebas de ETS gratuitas en Colorado","og_description":"Las cl\u00ednicas BC4U ofrecen anticonceptivos, pruebas y otros servicios de salud reproductiva a hombres y mujeres menores de 25 a\u00f1os.","og_url":"https:\/\/bc4u.org\/es\/","og_site_name":"BC4U","article_publisher":"https:\/\/www.facebook.com\/BC4UDenver","article_modified_time":"2025-10-28T15:35:49+00:00","og_image":[{"width":1366,"height":660,"url":"https:\/\/bc4u.org\/wp-content\/uploads\/2017\/09\/bigsreen.jpg","type":"image\/jpeg"}],"twitter_card":"summary_large_image","twitter_site":"@bc4ucolorado","twitter_misc":{"Tiempo de lectura":"1 minuto"},"schema":{"@context":"https:\/\/schema.org","@graph":[{"@type":"WebPage","@id":"https:\/\/bc4u.org\/es\/","url":"https:\/\/bc4u.org\/es\/","name":"BC4U | Anticonceptivos y pruebas de ETS gratuitas en Colorado","isPartOf":{"@id":"https:\/\/bc4u.org\/#website"},"primaryImageOfPage":{"@id":"https:\/\/bc4u.org\/es\/#primaryimage"},"image":{"@id":"https:\/\/bc4u.org\/es\/#primaryimage"},"thumbnailUrl":"https:\/\/bc4u.org\/wp-content\/uploads\/2017\/09\/bigsreen.jpg","datePublished":"2017-09-21T20:34:34+00:00","dateModified":"2025-10-28T15:35:49+00:00","description":"Las cl\u00ednicas BC4U ofrecen anticonceptivos, pruebas y otros servicios de salud reproductiva a hombres y mujeres menores de 25 a\u00f1os.","breadcrumb":{"@id":"https:\/\/bc4u.org\/es\/#breadcrumb"},"inLanguage":"es","potentialAction":[{"@type":"ReadAction","target":["https:\/\/bc4u.org\/es\/"]}]},{"@type":"ImageObject","inLanguage":"es","@id":"https:\/\/bc4u.org\/es\/#primaryimage","url":"https:\/\/bc4u.org\/wp-content\/uploads\/2017\/09\/bigsreen.jpg","contentUrl":"https:\/\/bc4u.org\/wp-content\/uploads\/2017\/09\/bigsreen.jpg","width":1366,"height":660},{"@type":"BreadcrumbList","@id":"https:\/\/bc4u.org\/es\/#breadcrumb","itemListElement":[{"@type":"ListItem","position":1,"name":"Home","item":"https:\/\/bc4u.org\/es\/"},{"@type":"ListItem","position":2,"name":"BC4U est\u00e1 aqu\u00ed para ayudar. Sin contar, sin juzgar, y todo es una prueba completamente gratuita."}]},{"@type":"WebSite","@id":"https:\/\/bc4u.org\/#website","url":"https:\/\/bc4u.org\/","name":"BC4U","description":"","publisher":{"@id":"https:\/\/bc4u.org\/#organization"},"potentialAction":[{"@type":"SearchAction","target":{"@type":"EntryPoint","urlTemplate":"https:\/\/bc4u.org\/?s={search_term_string}"},"query-input":{"@type":"PropertyValueSpecification","valueRequired":true,"valueName":"search_term_string"}}],"inLanguage":"es"},{"@type":"Organization","@id":"https:\/\/bc4u.org\/#organization","name":"BC4U","url":"https:\/\/bc4u.org\/","logo":{"@type":"ImageObject","inLanguage":"es","@id":"https:\/\/bc4u.org\/#\/schema\/logo\/image\/","url":"https:\/\/bc4u.org\/wp-content\/uploads\/2023\/11\/cropped-Favicon.jpg","contentUrl":"https:\/\/bc4u.org\/wp-content\/uploads\/2023\/11\/cropped-Favicon.jpg","width":512,"height":512,"caption":"BC4U"},"image":{"@id":"https:\/\/bc4u.org\/#\/schema\/logo\/image\/"},"sameAs":["https:\/\/www.facebook.com\/BC4UDenver","https:\/\/x.com\/bc4ucolorado"]}]}},"_links":{"self":[{"href":"https:\/\/bc4u.org\/es\/wp-json\/wp\/v2\/pages\/842"}],"collection":[{"href":"https:\/\/bc4u.org\/es\/wp-json\/wp\/v2\/pages"}],"about":[{"href":"https:\/\/bc4u.org\/es\/wp-json\/wp\/v2\/types\/page"}],"author":[{"embeddable":true,"href":"https:\/\/bc4u.org\/es\/wp-json\/wp\/v2\/users\/2"}],"replies":[{"embeddable":true,"href":"https:\/\/bc4u.org\/es\/wp-json\/wp\/v2\/comments?post=842"}],"version-history":[{"count":24,"href":"https:\/\/bc4u.org\/es\/wp-json\/wp\/v2\/pages\/842\/revisions"}],"predecessor-version":[{"id":1291,"href":"https:\/\/bc4u.org\/es\/wp-json\/wp\/v2\/pages\/842\/revisions\/1291"}],"wp:featuredmedia":[{"embeddable":true,"href":"https:\/\/bc4u.org\/es\/wp-json\/wp\/v2\/media\/769"}],"wp:attachment":[{"href":"https:\/\/bc4u.org\/es\/wp-json\/wp\/v2\/media?parent=842"}],"curies":[{"name":"wp","href":"https:\/\/api.w.org\/{rel}","templated":true}]}}